{"id":13432,"date":"2020-07-09T09:19:06","date_gmt":"2020-07-09T08:19:06","guid":{"rendered":"https:\/\/www.isrp.fr\/accueil-des-etudiants-internationaux\/"},"modified":"2022-01-19T10:41:19","modified_gmt":"2022-01-19T09:41:19","slug":"accueil-des-etudiants-internationaux","status":"publish","type":"page","link":"https:\/\/old.isrp.fr\/en\/accueil-des-etudiants-internationaux\/","title":{"rendered":"ACCUEIL DES ETUDIANTS INTERNATIONAUX"},"content":{"rendered":"\t\t<div data-elementor-type=\"wp-page\" data-elementor-id=\"13432\" class=\"elementor elementor-13432 elementor-13423\" data-elementor-settings=\"[]\">\n\t\t\t\t\t\t<div class=\"elementor-inner\">\n\t\t\t\t\t\t\t<div class=\"elementor-section-wrap\">\n\t\t\t\t\t\t\t<section class=\"elementor-section elementor-top-section elementor-element elementor-element-10b9ac4f elementor-section-boxed elementor-section-height-default elementor-section-height-default\" data-id=\"10b9ac4f\" data-element_type=\"section\">\n\t\t\t\t\t\t<div class=\"elementor-container elementor-column-gap-default\">\n\t\t\t\t\t\t\t<div class=\"elementor-row\">\n\t\t\t\t\t<div class=\"elementor-column elementor-col-100 elementor-top-column elementor-element elementor-element-3a1aed93\" data-id=\"3a1aed93\" data-element_type=\"column\">\n\t\t\t<div class=\"elementor-column-wrap elementor-element-populated\">\n\t\t\t\t\t\t\t<div class=\"elementor-widget-wrap\">\n\t\t\t\t\t\t<div class=\"elementor-element elementor-element-5dd29186 elementor-widget elementor-widget-text-editor\" data-id=\"5dd29186\" data-element_type=\"widget\" data-widget_type=\"text-editor.default\">\n\t\t\t\t<div class=\"elementor-widget-container\">\n\t\t\t\t\t<div class=\"elementor-text-editor elementor-clearfix\"><p><\/p>\n\n<h2>La psychomotricit\u00e9 est internationale !<\/h2>\n\n\n\n<p>Chers \u00e9tudiants internationaux, que vous soyez en programme d\u2019\u00e9change ou en mobilit\u00e9 individuelle, l\u2019ISRP vous accueille et vous accompagne dans vos d\u00e9marches.<\/p>\n\n\n<hr class=\"wp-block-separator\" \/>\n\n\n<h2>NOS OPPORTUNITES POUR VENIR ETUDIER A L\u2019ISRP<\/h2>\n\n\n\n<p class=\"has-very-light-gray-background-color has-background\"><strong>Etudiant en programme d\u2019\u00e9change Erasmus<\/strong><\/p>\n\n\n\n<p>Vous pouvez venir en \u00e9change dans l\u2019un de nos campus ISRP (Paris, Marseille, Vichy) pour suivre les cours du 2nd semestre de la deuxi\u00e8me ann\u00e9e de formation. Pour plus d\u2019informations, rendez-vous sur la page <a href=\"\/?page_id=23#.XwcX1CgzZPY\">Erasmus<\/a><\/p>\n\n\n\n<p><strong>Contact :<\/strong><\/p>\n\n\n\n<p>Coordinatrice Erasmus Paris-Marseille-Vichy Email : renseignements@isrp.fr<\/p>\n\n\n\n<p>T\u00e9l\u00e9phone : 0158171850<\/p>\n\n\n\n<p class=\"has-very-light-gray-background-color has-background\"><strong>Etudiant en mobilit\u00e9 individuelle<\/strong><\/p>\n\n\n\n<p>Vous \u00eates dipl\u00f4m\u00e9 d\u2019un titre en psychomotricit\u00e9 d\u2019un pays hors Union Europ\u00e9enne ? Vous souhaitez obtenir l\u2019examen national du Dipl\u00f4me d\u2019\u00c9tat du Minist\u00e8re de la Sant\u00e9 fran\u00e7ais et le Titre d\u2019Expert en psychomotricit\u00e9 \u00e0 r\u00e9f\u00e9rentiel europ\u00e9en\/M\u00e1ster Internacional en Psicomotricidad ?<\/p>\n\n\n\n<p>Pour plus d\u2019information, rendez-vous sur la page<a href=\"\/?page_id=29#.XwcYIigzZPY\"> Extracommunautaires<\/a><\/p>\n\n\n\n<p><strong>Contact :<\/strong><\/p>\n\n\n\n<p>P\u00f4le D\u00e9veloppement Professionnel Continu Email : uefp@isrp.fr.<\/p>\n\n\n\n<p>T\u00e9l\u00e9phone : 0158171858<\/p>\n\n\n\n<p class=\"has-very-light-gray-background-color has-background\"><strong>Etudiant chinois en mobilit\u00e9 individuelle<\/strong><\/p>\n\n\n\n<p>Vous \u00eates dipl\u00f4m\u00e9 d\u2019une Licence en Psychologie ou en R\u00e9habilitation en Chine ? Nous avons \u00e9labor\u00e9 pour vous un programme de formation enti\u00e8rement dispens\u00e9 en chinois, qui vous permettra d\u2019obtenir le Titre d\u2019Expert en psychomotricit\u00e9 \u00e0 r\u00e9f\u00e9rentiel europ\u00e9en.<\/p>\n\n\n\n<p>Pour plus d\u2019information, rendez-vous sur la page <a href=\"\/zh-hans\/demande-de-documentation\/formation-initiale\/%E5%9B%BD%E9%99%85%E7%B2%BE%E7%A5%9E%E8%BF%90%E5%8A%A8%E5%BA%B7%E5%A4%8D%E5%AD%A6%E7%A1%95%E5%A3%AB%E8%80%81%E5%B9%B4%E5%AD%A6%E8%AF%BE%E7%A8%8B\/#.XwcbQfkzZPb\">\u00ab Master Internacional \u00bb.<\/a><\/p>\n\n\n\n<p><strong>Contact<\/strong> :<\/p>\n\n\n\n<p>P\u00f4le Chine \u2013 Responsable administrative et p\u00e9dagogique Email : renseignements@isrp.fr<\/p>\n\n\n\n<p>T\u00e9l\u00e9phone : 0173280211<\/p>\n\n\n<hr class=\"wp-block-separator\" \/>\n\n\n<h2>MAITRISER LE FRAN\u00c7AIS<\/h2>\n\n\n\n<p>Vous souhaitez perfectionner votre niveau de fran\u00e7ais avant de venir \u00e9tudier \u00e0 l\u2019ISRP ou pendant vos \u00e9tudes ? L\u2019ALIP, notre \u00e9cole de langues certifi\u00e9e Qualit\u00e9 FLE propose plusieurs programmes de formation en langue fran\u00e7aise, dont des sessions de formation intensives de Pr\u00e9paration aux Etudes Sup\u00e9rieures en France.<\/p>\n\n\n\n<p class=\"has-pale-cyan-blue-background-color has-text-color has-background\" style=\"color: #ffffff;\"><strong>Retrouvez plus d\u2019informations sur le site de l\u2019<a href=\"https:\/\/www.alipfrance.com\/\">ALIP <\/a><\/strong><\/p>\n\n\n<hr class=\"wp-block-separator\" \/>\n\n\n<h2>SE LOGER<\/h2>\n\n\n\n<p>Vous pr\u00e9voyez d\u2019\u00e9tudier dans notre campus de Paris et cherchez un logement ? L\u2019ISRP dispose d\u2019un partenariat avec les r\u00e9sidences STUDEFI. En tant qu\u2019\u00e9tudiant ou futur \u00e9tudiant de l\u2019ISRP, vous \u00eates prioritaire sur les offres de logement disponibles, dans l\u2019une des 22 r\u00e9sidences \u00e9tudiantes en Ile de France.<\/p>\n\n\n\n<p>Pour r\u00e9server votre logement, s\u00e9lectionnez la r\u00e9sidence de votre choix via le site Internet http:\/\/www.studefi.fr\/ . Une fois votre choix effectu\u00e9, vous disposerez d&#8217;une option sur le logement.<\/p>\n\n\n\n<h2>BROCHURE D&#8217;INSCRIPTION<\/h2>\n\n\n\n<p>Pour pr\u00e9parer au mieux votre s\u00e9jour, d\u00e9couvrez n<a href=\"\/wp-content\/uploads\/2020\/09\/Livret-daccueil-international-2020-2021-FR.pdf\">otre brochure d\u2019accueil destin\u00e9e aux \u00e9tudiants internationaux<\/a><\/p>\n\n<p><\/p>\n\n<p>&nbsp;<\/p>\n<\/div>\n\t\t\t\t<\/div>\n\t\t\t\t<\/div>\n\t\t\t\t\t\t<\/div>\n\t\t\t\t\t<\/div>\n\t\t<\/div>\n\t\t\t\t\t\t\t\t<\/div>\n\t\t\t\t\t<\/div>\n\t\t<\/section>\n\t\t\t\t\t\t<\/div>\n\t\t\t\t\t\t<\/div>\n\t\t\t\t\t<\/div>\n\t\t","protected":false},"excerpt":{"rendered":"<p>La psychomotricit\u00e9 est internationale ! Chers \u00e9tudiants internationaux, que vous soyez en programme d\u2019\u00e9change ou en mobilit\u00e9 individuelle, l\u2019ISRP vous accueille et vous accompagne dans vos d\u00e9marches. NOS OPPORTUNITES POUR VENIR ETUDIER A L\u2019ISRP Etudiant en programme d\u2019\u00e9change Erasmus Vous pouvez venir en \u00e9change dans l\u2019un de nos campus ISRP (Paris, Marseille, Vichy) pour suivre [&hellip;]<\/p>\n","protected":false},"author":4,"featured_media":0,"parent":0,"menu_order":0,"comment_status":"closed","ping_status":"closed","template":"","meta":[],"_links":{"self":[{"href":"https:\/\/old.isrp.fr\/en\/wp-json\/wp\/v2\/pages\/13432\/"}],"collection":[{"href":"https:\/\/old.isrp.fr\/en\/wp-json\/wp\/v2\/pages\/"}],"about":[{"href":"https:\/\/old.isrp.fr\/en\/wp-json\/wp\/v2\/types\/page\/"}],"author":[{"embeddable":true,"href":"https:\/\/old.isrp.fr\/en\/wp-json\/wp\/v2\/users\/4\/"}],"replies":[{"embeddable":true,"href":"https:\/\/old.isrp.fr\/en\/wp-json\/wp\/v2\/comments\/?post=13432"}],"version-history":[{"count":0,"href":"https:\/\/old.isrp.fr\/en\/wp-json\/wp\/v2\/pages\/13432\/revisions\/"}],"wp:attachment":[{"href":"https:\/\/old.isrp.fr\/en\/wp-json\/wp\/v2\/media\/?parent=13432"}],"curies":[{"name":"wp","href":"https:\/\/api.w.org\/{rel}","templated":true}]}}