{"id":24179,"date":"2022-01-18T16:19:11","date_gmt":"2022-01-18T15:19:11","guid":{"rendered":"https:\/\/old.isrp.fr\/?page_id=24179"},"modified":"2022-01-18T16:19:12","modified_gmt":"2022-01-18T15:19:12","slug":"sitemap","status":"publish","type":"page","link":"https:\/\/old.isrp.fr\/en\/sitemap\/","title":{"rendered":"Sitemap"},"content":{"rendered":"<div class=\"wsp-container\"><h2 class=\"wsp-pages-title\">Pages<\/h2>\n<ul class=\"wsp-pages-list\">\n<li class=\"page_item page-item-13432\"><a href=\"https:\/\/old.isrp.fr\/en\/accueil-des-etudiants-internationaux\/\">ACCUEIL DES ETUDIANTS INTERNATIONAUX<\/a><\/li>\n<li class=\"page_item page-item-259 page_item_has_children\"><a href=\"https:\/\/old.isrp.fr\/en\/isrp-un-cadre-un-environnement-copie-en\/\">ISRP A FRAME, AN ENVIRONMENT<\/a>\n<ul class='children'>\n\t<li class=\"page_item page-item-870\"><a href=\"https:\/\/old.isrp.fr\/en\/isrp-un-cadre-un-environnement-copie-en\/an-exceptional-school\/\">An exceptional school<\/a><\/li>\n<\/ul>\n<\/li>\n<li class=\"page_item page-item-13404\"><a href=\"https:\/\/old.isrp.fr\/en\/isrp-student-life\/\">ISRP STUDENT LIFE<\/a><\/li>\n<li class=\"page_item page-item-905\"><a href=\"https:\/\/old.isrp.fr\/en\/905-2\/\">#905 (no title)<\/a><\/li>\n<li class=\"page_item page-item-24179\"><a href=\"https:\/\/old.isrp.fr\/en\/sitemap\/\">Sitemap<\/a><\/li>\n<li class=\"page_item page-item-12607\"><a href=\"https:\/\/old.isrp.fr\/en\/developpement-professionnel-continu\/2020-international-psychomotricity-colloquium\/\">2020 INTERNATIONAL PSYCHOMOTRICITY COLLOQUIUM<\/a><\/li>\n<\/ul>\n<h2 class=\"wsp-elementor_librarys-title\">My Templates<\/h2>\n<ul class=\"wsp-elementor_librarys-list\">\n<li><a href=\"https:\/\/old.isrp.fr\/en\/?elementor_library=parties\">Parties<\/a><\/li>\n<li><a href=\"https:\/\/old.isrp.fr\/en\/?elementor_library=kit-par-defaut\">Kit par d\u00e9faut<\/a><\/li>\n<li><a href=\"https:\/\/old.isrp.fr\/en\/?elementor_library=lp_vf\">LP_Vf<\/a><\/li>\n<li><a href=\"https:\/\/old.isrp.fr\/en\/?elementor_library=jsp-2\">JSP<\/a><\/li>\n<li><a href=\"https:\/\/old.isrp.fr\/en\/?elementor_library=jsp\">JSP<\/a><\/li>\n<\/ul>\n<h2 class=\"wsp-al_products-title\">Formations<\/h2>\n<ul class=\"wsp-al_products-list\">\n<li><a href=\"https:\/\/old.isrp.fr\/en\/developpement-professionnel-continu\/les-formations-dpc-2019\/pmt-28-le-yoga-dans-la-pratique-psychomotrice-un-outil-dexpression-corporelle\/\">PMT 28 : Le yoga dans la pratique psychomotrice : un outil d'expression corporelle<\/a><\/li>\n<li><a href=\"https:\/\/old.isrp.fr\/en\/developpement-professionnel-continu\/les-formations-dpc-2019\/pmt-05-le-shiatsu-une-autre-relaxation-et-lecture-du-corps-2\/\">PMT 05 : Le Shiatsu, une autre relaxation et lecture du corps<\/a><\/li>\n<li><a href=\"https:\/\/old.isrp.fr\/en\/developpement-professionnel-continu\/les-formations-dpc-2019\/pmt-642-le-corps-et-le-psychisme-problematiques-de-sante-mentale-chez-lenfant-et-ladolescent-2\/\">PMT 642 : Le corps et le psychisme : Probl\u00e9matiques de sant\u00e9 mentale chez l'enfant et l'adolescent<\/a><\/li>\n<li><a href=\"https:\/\/old.isrp.fr\/en\/developpement-professionnel-continu\/les-formations-dpc-2019\/pp-54-le-deficit-dattention-lhyperactivite-chez-lenfant\/\">PP 54 : Le d\u00e9ficit d'attention & l'hyperactivit\u00e9 chez l'enfant<\/a><\/li>\n<li><a href=\"https:\/\/old.isrp.fr\/en\/developpement-professionnel-continu\/les-formations-dpc-2019\/pp-519-quand-le-geste-est-perturbe-troubles-des-coordinations-dyspraxies\/\">PP 519 : Quand le geste est perturb\u00e9 ; Troubles des Coordinations - Dyspraxies<\/a><\/li>\n<li><a href=\"https:\/\/old.isrp.fr\/en\/developpement-professionnel-continu\/les-formations-dpc-2019\/pg-310-accompagnement-sensorimoteur-de-la-personne-agee-lors-de-soins-psychomoteurs-et-des-troubles-psycho-comportementaux-de-la-theorie-a-la-pratique\/\">PG 310 : Accompagnement sensorimoteur de la personne \u00e2g\u00e9e lors de soins psychomoteurs et des troubles psycho-comportementaux : de la th\u00e9orie \u00e0 la pratique<\/a><\/li>\n<li><a href=\"https:\/\/old.isrp.fr\/en\/developpement-professionnel-continu\/les-formations-dpc-2019\/ppe-545-corps-mouvement-respiration-chez-le-tout-petit\/\">PPE 545 : Corps, mouvement & respiration chez le tout-petit<\/a><\/li>\n<li><a href=\"https:\/\/old.isrp.fr\/en\/developpement-professionnel-continu\/les-formations-dpc-2019\/pa-m3-analyses-des-cas-cliniques\/\">PA M3 : Analyses des cas cliniques<\/a><\/li>\n<li><a href=\"https:\/\/old.isrp.fr\/en\/developpement-professionnel-continu\/les-formations-dpc-2019\/pp-au-6-approche-comportementale-et-psychomotrice-des-tsa\/\">PP AU 6 : Approche Comportementale et Psychomotrice des TSA<\/a><\/li>\n<li><a href=\"https:\/\/old.isrp.fr\/en\/developpement-professionnel-continu\/les-formations-dpc-2019\/pp-au-3-depistage-precoce-et-prise-en-charge-des-jeunes-enfants-atteints-de-tsa\/\">PP AU 3 : D\u00e9pistage pr\u00e9coce et prise en charge des jeunes enfants atteints de TSA<\/a><\/li>\n<li><a href=\"https:\/\/old.isrp.fr\/en\/developpement-professionnel-continu\/les-formations-dpc-2019\/ppau2_bilan-psychomoteur-adapte-aux-tsa-2\/\">PP AU 2 : Le Bilan psychomoteur adapt\u00e9 aux TSA<\/a><\/li>\n<li><a href=\"https:\/\/old.isrp.fr\/en\/developpement-professionnel-continu\/les-formations-dpc-2019\/pp-au-1-troubles-du-spectre-autistique-nouvelles-perspectives-et-actualisation-des-connaissances\/\">PP AU 1 : TSA, nouvelles perspectives et actualisation des connaissances<\/a><\/li>\n<li><a href=\"https:\/\/old.isrp.fr\/en\/developpement-professionnel-continu\/les-formations-dpc-2019\/pp-778-les-fonctions-spatio-temporelles\/\">PP 778 : Les fonctions spatio-temporelles<\/a><\/li>\n<li><a href=\"https:\/\/old.isrp.fr\/en\/developpement-professionnel-continu\/les-formations-dpc-2019\/pa-m2-therapeutiques-graphomotrices-2\/\">PA M2 : Th\u00e9rapeutiques graphomotrices<\/a><\/li>\n<li><a href=\"https:\/\/old.isrp.fr\/en\/developpement-professionnel-continu\/les-formations-dpc-2019\/pa-m2-therapeutiques-graphomotrices\/\">PA M2 : Th\u00e9rapeutiques graphomotrices<\/a><\/li>\n<li><a href=\"https:\/\/old.isrp.fr\/en\/developpement-professionnel-continu\/les-formations-dpc-2019\/ps-28-prevention-du-burnout\/\">PS 28 : Pr\u00e9vention du Burnout<\/a><\/li>\n<li><a href=\"https:\/\/old.isrp.fr\/en\/developpement-professionnel-continu\/les-formations-dpc-2019\/ps-05-gestion-psychocorporelle-du-stress\/\">PS 05 : Gestion psychocorporelle du stress<\/a><\/li>\n<li><a href=\"https:\/\/old.isrp.fr\/en\/developpement-professionnel-continu\/les-formations-dpc-2019\/ps-12-psychotraumatisme-liens-corporelles-et-emotionnelles\/\">PS 12 : Psychotraumatisme : Liens corporelles et \u00e9motionnelles<\/a><\/li>\n<li><a href=\"https:\/\/old.isrp.fr\/en\/developpement-professionnel-continu\/les-formations-dpc-2019\/pmt-652-e-sante-psychomotricite-les-nouvelles-technologies-au-service-des-patients\/\">PMT 652 : E-sant\u00e9 & psychomotricit\u00e9 : les nouvelles technologies au service des patients<\/a><\/li>\n<li><a href=\"https:\/\/old.isrp.fr\/en\/developpement-professionnel-continu\/les-formations-dpc-2019\/pg-33-le-psychomotricien-formateur-aupres-des-equipes-en-geriatrie\/\">PG 33 : Le psychomotricien formateur aupr\u00e8s des \u00e9quipes en G\u00e9riatrie<\/a><\/li>\n<li><a href=\"https:\/\/old.isrp.fr\/en\/developpement-professionnel-continu\/les-formations-dpc-2019\/pg-56-intervention-du-psychomotricien-aupres-des-aidants-et-geriatrie-en-institution-et-a-domicile\/\">PG 56 : Intervention du psychomotricien aupr\u00e8s des aidants et g\u00e9riatrie en institution et \u00e0 domicile<\/a><\/li>\n<li><a href=\"https:\/\/old.isrp.fr\/en\/developpement-professionnel-continu\/les-formations-dpc-2019\/pg-38-prevenir-la-chute-et-ses-consequences-corporelles-et-psychologiques\/\">PG 38 : Pr\u00e9venir la chute et ses cons\u00e9quences corporelles et psychologiques<\/a><\/li>\n<li><a href=\"https:\/\/old.isrp.fr\/en\/developpement-professionnel-continu\/les-formations-dpc-2019\/pmt-642-le-corps-et-le-psychisme-problematiques-de-sante-mentale-chez-lenfant-et-ladolescent\/\">PMT 642 : Le corps et le psychisme : Probl\u00e9matiques de sant\u00e9 mentale chez l'enfant et l'adolescent<\/a><\/li>\n<li><a href=\"https:\/\/old.isrp.fr\/en\/developpement-professionnel-continu\/les-formations-dpc-2019\/pmt-05-le-shiatsu-une-autre-relaxation-et-lecture-du-corps\/\">PMT 05 : Le Shiatsu, une autre relaxation et lecture du corps<\/a><\/li>\n<li><a href=\"https:\/\/old.isrp.fr\/en\/developpement-professionnel-continu\/les-formations-dpc-2019\/pmt-30-les-activites-physiques-adaptees-nouveau-champ-dexercice-du-psychomotricien\/\">PMT 30: Les Activit\u00e9s Physiques Adapt\u00e9es: nouveau champ d'exercice du psychomotricien<\/a><\/li>\n<li><a href=\"https:\/\/old.isrp.fr\/en\/developpement-professionnel-continu\/les-formations-dpc-2019\/pmt-607-nouvelles-mediations-numeriques-creatives\/\">PMT 607 : Nouvelles m\u00e9diations num\u00e9riques cr\u00e9atives<\/a><\/li>\n<li><a href=\"https:\/\/old.isrp.fr\/en\/developpement-professionnel-continu\/les-formations-dpc-2019\/pmt-517-le-bilan-psychomoteur-de-4-a-16-ans\/\">PMT 517 : Le bilan psychomoteur de 4 \u00e0 16 ans.<\/a><\/li>\n<li><a href=\"https:\/\/old.isrp.fr\/en\/developpement-professionnel-continu\/les-formations-dpc-2019\/pmt-544-la-relaxation-dans-les-parcours-de-soins-pluriprofessionnels\/\">PMT 544 : La relaxation dans les parcours de soins pluriprofessionnels<\/a><\/li>\n<li><a href=\"https:\/\/old.isrp.fr\/en\/developpement-professionnel-continu\/les-formations-dpc-2019\/pmt-542-laccompagnement-psychomoteur-des-personnes-souffrant-dinadaptation-spatio-temporelle-de-dysynchronie-et-de-difficultes-rythmiques\/\">PMT 542 : L'accompagnement psychomoteur des personnes souffrant d'inadaptation spatio-temporelle, de dysynchronie et de difficult\u00e9s rythmiques<\/a><\/li>\n<li><a href=\"https:\/\/old.isrp.fr\/en\/developpement-professionnel-continu\/les-formations-dpc-2019\/pa-5-les-dysharmonies-psychomotrices-des-personnes-a-hauts-potentiels-intellectuels\/\">PA 5:  Les Dysharmonies Psychomotrices des personnes \u00e0 Hauts Potentiels Intellectuels<\/a><\/li>\n<li><a href=\"https:\/\/old.isrp.fr\/en\/developpement-professionnel-continu\/les-formations-dpc-2019\/pg-55-laccompagnement-psychocorporel-jusqua-la-fin-de-vie-et-en-soins-palliatifs\/\">PG 55 : L'accompagnement psychocorporel jusqu'\u00e0 la fin de vie et en soins palliatifs<\/a><\/li>\n<li><a href=\"https:\/\/old.isrp.fr\/en\/developpement-professionnel-continu\/les-formations-dpc-2019\/pa-m3-analyses-des-cas-cliniques-2\/\">PA M3 : Analyses des cas cliniques<\/a><\/li>\n<li><a href=\"https:\/\/old.isrp.fr\/en\/developpement-professionnel-continu\/les-formations-dpc-2019\/pa-m1-semiologie-de-lecriture-maitrise-des-outils-devaluation-des-troubles-du-graphisme-et-de-lecriture\/\">PA M1 : S\u00e9miologie de l'\u00e9criture - Ma\u00cftrise des outils d'\u00e9valuation des troubles du graphisme et de l'\u00e9criture<\/a><\/li>\n<li><a href=\"https:\/\/old.isrp.fr\/en\/developpement-professionnel-continu\/les-formations-dpc-2019\/pa-4-actualites-des-dys\/\">PA 4 : Actualit\u00e9s des \u00ab Dys \u00bb<\/a><\/li>\n<li><a href=\"https:\/\/old.isrp.fr\/en\/developpement-professionnel-continu\/les-formations-dpc-2019\/pmt-517-du-bilan-psychomoteur-au-projet-therapeutique-2-2-2-2-2-2-2-2-2-2-2-2-2-2-2-2-3-2-2-2-3\/\">PPE 545 : Corps, mouvement & respiration chez le tout-petit<\/a><\/li>\n<li><a href=\"https:\/\/old.isrp.fr\/en\/developpement-professionnel-continu\/les-formations-dpc-2019\/pmt-517-du-bilan-psychomoteur-au-projet-therapeutique-2-2-2-2-2-2-2-2-2-2-2-2-2-2-2-2-4\/\">PP 519 : Quand le geste est perturb\u00e9 ; Troubles des Coordinations - Dyspraxies<\/a><\/li>\n<li><a href=\"https:\/\/old.isrp.fr\/en\/developpement-professionnel-continu\/les-formations-dpc-2019\/pmt-517-du-bilan-psychomoteur-au-projet-therapeutique-2-2-2-2-2-2-2-2-2-2-2-2-2-3\/\">PP 54 : Le d\u00e9ficit d'attention & l'hyperactivit\u00e9 chez l'enfant<\/a><\/li>\n<li><a href=\"https:\/\/old.isrp.fr\/en\/developpement-professionnel-continu\/les-formations-dpc-2019\/pp-au-6-approche-comportementale-et-psychomotricite-des-tsa-2\/\">PP AU 6 : Approche Comportementale et Psychomotricit\u00e9 des TSA<\/a><\/li>\n<li><a href=\"https:\/\/old.isrp.fr\/en\/developpement-professionnel-continu\/les-formations-dpc-2019\/pmt-517-du-bilan-psychomoteur-au-projet-therapeutique-2-2-2-2-2-2-2-2-2-2-2-2-2-2-2-2-2-2-2-2-2-3\/\">PP AU 4 : Concevoir et mettre en place des objectifs de prise en charge en psychomotricit\u00e9 pour les enfants avec TSA<\/a><\/li>\n<li><a href=\"https:\/\/old.isrp.fr\/en\/developpement-professionnel-continu\/les-formations-dpc-2019\/pp-au-4-concevoir-et-mettre-en-place-des-objectifs-des-prise-en-charge-en-psychomotricite\/\">PP AU 4 : Concevoir et mettre en place des objectifs de prise en charge en psychomotricit\u00e9 pour les enfants avec TSA<\/a><\/li>\n<li><a href=\"https:\/\/old.isrp.fr\/en\/developpement-professionnel-continu\/les-formations-dpc-2019\/ppe-538-apports-de-la-sensori-motricite-dans-la-prise-en-charge-de-lenfant-de-0-a-3-ans\/\">PPE 538 : Apports de la sensori-motricit\u00e9 dans la prise en charge de l\u2019enfant de 0 \u00e0 3 ans<\/a><\/li>\n<li><a href=\"https:\/\/old.isrp.fr\/en\/developpement-professionnel-continu\/les-formations-dpc-2019\/ppe-53-soutenir-loralite-du-jeune-enfant-pluridisciplinarite\/\">PPE 53 : Soutenir l\u2019oralit\u00e9 du jeune enfant : pluridisciplinarit\u00e9<\/a><\/li>\n<li><a href=\"https:\/\/old.isrp.fr\/en\/developpement-professionnel-continu\/les-formations-dpc-2019\/ppe-51-le-devenir-psychomoteur-de-lenfant-premature-des-lhospitalisation\/\">PPE 51 : Le devenir psychomoteur de l'enfant pr\u00e9matur\u00e9 d\u00e8s l'hospitalisation<\/a><\/li>\n<li><a href=\"https:\/\/old.isrp.fr\/en\/developpement-professionnel-continu\/les-formations-dpc-2019\/pp-au-5-particularites-sensorielles-et-perceptives-dans-les-tsa\/\">PP AU 5 : Particularit\u00e9s sensorielles et perceptives dans les TSA<\/a><\/li>\n<li><a href=\"https:\/\/old.isrp.fr\/en\/developpement-professionnel-continu\/les-formations-dpc-2019\/pmt-517-du-bilan-psychomoteur-au-projet-therapeutique-2-2-2-2-2-2-2-2-2-2-2-2-2-2-2\/\">PP 514 : Les fonctions spatiales : Cadre et repr\u00e9sentation<\/a><\/li>\n<li><a href=\"https:\/\/old.isrp.fr\/en\/developpement-professionnel-continu\/les-formations-dpc-2019\/pp-347-les-pathologies-de-la-perception-et-de-la-representation-du-corps\/\">PP 347 : Les pathologies de la perception et de la repr\u00e9sentation du corps<\/a><\/li>\n<li><a href=\"https:\/\/old.isrp.fr\/en\/developpement-professionnel-continu\/les-formations-dpc-2019\/ps-32-reeducation-post-avc-redecouvrir-son-corps\/\">PS 32 : R\u00e9\u00e9ducation post-AVC : Red\u00e9couvrir son corps<\/a><\/li>\n<li><a href=\"https:\/\/old.isrp.fr\/en\/developpement-professionnel-continu\/les-formations-dpc-2019\/pg-39-maladies-neurodegeneratives-du-vieillissement-connaissances-recentes-reflexion-sur-laccompagnement-et-evaluation-psychomotrice\/\">PG 39 : Maladies neurod\u00e9g\u00e9n\u00e9ratives du vieillissement : connaissances r\u00e9centes, r\u00e9flexion sur l\u2019accompagnement et \u00e9valuation psychomotrice<\/a><\/li>\n<\/ul>\n<h2 class=\"wsp-mini-sliders-title\">mini-sliders<\/h2>\n<ul class=\"wsp-mini-sliders-list\">\n<li><a href=\"https:\/\/old.isrp.fr\/en\/mini-slider\/marseille_2\/\">marseille_2<\/a><\/li>\n<li><a href=\"https:\/\/old.isrp.fr\/en\/mini-slider\/marseille_1\/\">marseille_1<\/a><\/li>\n<li><a href=\"https:\/\/old.isrp.fr\/en\/mini-slider\/slide2\/\">2<\/a><\/li>\n<\/ul>\n<h2 class=\"wsp-porte-ouvertes-title\">Portes ouvertes<\/h2>\n<ul class=\"wsp-porte-ouvertes-list\">\n<li><a href=\"https:\/\/old.isrp.fr\/en\/porte-ouverte\/portes-ouvertes-marseille\/\">Portes ouvertes Marseille<\/a><\/li>\n<li><a href=\"https:\/\/old.isrp.fr\/en\/porte-ouverte\/portes-ouvertes-paris\/\">Portes Ouvertes Paris<\/a><\/li>\n<\/ul>\n<h2 class=\"wsp-backgrounds-title\">Backgrounds<\/h2>\n<ul class=\"wsp-backgrounds-list\">\n<li><a href=\"https:\/\/old.isrp.fr\/en\/background\/marseille\/\">Marseille<\/a><\/li>\n<li><a href=\"https:\/\/old.isrp.fr\/en\/background\/defaut\/\">Defaut<\/a><\/li>\n<\/ul>\n<h2 class=\"wsp-al_product-cats-title\">Formation Categories<\/h2>\n<ul class=\"wsp-al_product-cats-list\">\n<li><a href=\"https:\/\/old.isrp.fr\/en\/products-category\/formations_2021\/\">2021<\/a><\/li>\n<li><a href=\"https:\/\/old.isrp.fr\/en\/products-category\/2022\/\">2022<\/a><\/li>\n<li><a href=\"https:\/\/old.isrp.fr\/en\/products-category\/la-geriatrie\/\">La g\u00e9riatrie<\/a><\/li>\n<li><a href=\"https:\/\/old.isrp.fr\/en\/products-category\/formations_2021\/la-graphomotricite\/\">La Graphomotricit\u00e9<\/a><\/li>\n<li><a href=\"https:\/\/old.isrp.fr\/en\/products-category\/lesdys\/\">Les DYS<\/a><\/li>\n<li><a href=\"https:\/\/old.isrp.fr\/en\/products-category\/la-petite-enfance\/\">Les nouveau-n\u00e9s &amp; jeunes enfants vuln\u00e9rables<\/a><\/li>\n<li><a href=\"https:\/\/old.isrp.fr\/en\/products-category\/le-parcours-de-soin\/\">Les parcours de soins<\/a><\/li>\n<li><a href=\"https:\/\/old.isrp.fr\/en\/products-category\/le-suivi-clinique\/\">Les suivis cliniques<\/a><\/li>\n<li><a href=\"https:\/\/old.isrp.fr\/en\/products-category\/formations_2021\/tsa\/\">Les Troubles du Spectre de l'Autisme<\/a><\/li>\n<\/ul>\n<h2 class=\"wsp-type_formations-title\">Type populations<\/h2>\n<ul class=\"wsp-type_formations-list\">\n<li><a href=\"https:\/\/old.isrp.fr\/en\/type_formation\/adolescent-adulte\/\">Adolescent \/ Adulte<\/a><\/li>\n<li><a href=\"https:\/\/old.isrp.fr\/en\/type_formation\/personne-agee\/\">Personne \u00e2g\u00e9e<\/a><\/li>\n<li><a href=\"https:\/\/old.isrp.fr\/en\/type_formation\/petite-enfance\/\">Petite enfance<\/a><\/li>\n<\/ul>\n<h2 class=\"wsp-duree_formations-title\">Dur\u00e9e formations<\/h2>\n<ul class=\"wsp-duree_formations-list\">\n<li><a href=\"https:\/\/old.isrp.fr\/en\/duree_formation\/2-jours\/\">2 jours<\/a><\/li>\n<li><a href=\"https:\/\/old.isrp.fr\/en\/duree_formation\/3-jours\/\">3 jours<\/a><\/li>\n<li><a href=\"https:\/\/old.isrp.fr\/en\/duree_formation\/32-jours\/\">3+2 jours<\/a><\/li>\n<li><a href=\"https:\/\/old.isrp.fr\/en\/duree_formation\/5-jours\/\">5 jours<\/a><\/li>\n<\/ul>\n<h2 class=\"wsp-annee_formations-title\">Ann\u00e9e formations<\/h2>\n<ul class=\"wsp-annee_formations-list\">\n<li><a href=\"https:\/\/old.isrp.fr\/en\/annee_formation\/annee_formation_2019\/\">2019<\/a><\/li>\n<li><a href=\"https:\/\/old.isrp.fr\/en\/annee_formation\/annee_formation_2020\/\">2020<\/a><\/li>\n<li><a href=\"https:\/\/old.isrp.fr\/en\/annee_formation\/2021\/\">2021<\/a><\/li>\n<\/ul>\n<h2 class=\"wsp-rrf_result_cats-title\">Class<\/h2>\n<ul class=\"wsp-rrf_result_cats-list\">\n<li><a href=\"https:\/\/old.isrp.fr\/en\/result-exam-name\/2019\/\">2019<\/a><\/li>\n<\/ul>\n<h2 class=\"wsp-rrf_result_years-title\">Year<\/h2>\n<ul class=\"wsp-rrf_result_years-list\">\n<li><a href=\"https:\/\/old.isrp.fr\/en\/result-year\/2018\/\">2018<\/a><\/li>\n<li><a href=\"https:\/\/old.isrp.fr\/en\/result-year\/2019\/\">2019<\/a><\/li>\n<\/ul>\n<\/div>\n","protected":false},"excerpt":{"rendered":"","protected":false},"author":33,"featured_media":0,"parent":0,"menu_order":9,"comment_status":"closed","ping_status":"open","template":"","meta":[],"_links":{"self":[{"href":"https:\/\/old.isrp.fr\/en\/wp-json\/wp\/v2\/pages\/24179\/"}],"collection":[{"href":"https:\/\/old.isrp.fr\/en\/wp-json\/wp\/v2\/pages\/"}],"about":[{"href":"https:\/\/old.isrp.fr\/en\/wp-json\/wp\/v2\/types\/page\/"}],"author":[{"embeddable":true,"href":"https:\/\/old.isrp.fr\/en\/wp-json\/wp\/v2\/users\/33\/"}],"replies":[{"embeddable":true,"href":"https:\/\/old.isrp.fr\/en\/wp-json\/wp\/v2\/comments\/?post=24179"}],"version-history":[{"count":0,"href":"https:\/\/old.isrp.fr\/en\/wp-json\/wp\/v2\/pages\/24179\/revisions\/"}],"wp:attachment":[{"href":"https:\/\/old.isrp.fr\/en\/wp-json\/wp\/v2\/media\/?parent=24179"}],"curies":[{"name":"wp","href":"https:\/\/api.w.org\/{rel}","templated":true}]}}