{"id":1476,"date":"2014-05-23T08:26:54","date_gmt":"2014-05-23T07:26:54","guid":{"rendered":"http:\/\/www.isrp.fr\/?page_id=1476"},"modified":"2022-01-18T22:41:27","modified_gmt":"2022-01-18T21:41:27","slug":"master-internacional-en-psicomotricidad","status":"publish","type":"page","link":"https:\/\/old.isrp.fr\/es\/master-internacional-en-psicomotricidad\/","title":{"rendered":"Master Internacional en psicomotricidad"},"content":{"rendered":"\t\t<div data-elementor-type=\"wp-page\" data-elementor-id=\"1476\" class=\"elementor elementor-1476 elementor-105\" data-elementor-settings=\"[]\">\n\t\t\t\t\t\t<div class=\"elementor-inner\">\n\t\t\t\t\t\t\t<div class=\"elementor-section-wrap\">\n\t\t\t\t\t\t\t<section class=\"elementor-section elementor-top-section elementor-element elementor-element-6f445bf0 elementor-section-boxed elementor-section-height-default elementor-section-height-default\" data-id=\"6f445bf0\" data-element_type=\"section\">\n\t\t\t\t\t\t<div class=\"elementor-container elementor-column-gap-default\">\n\t\t\t\t\t\t\t<div class=\"elementor-row\">\n\t\t\t\t\t<div class=\"elementor-column elementor-col-100 elementor-top-column elementor-element elementor-element-3b345cda\" data-id=\"3b345cda\" data-element_type=\"column\">\n\t\t\t<div class=\"elementor-column-wrap elementor-element-populated\">\n\t\t\t\t\t\t\t<div class=\"elementor-widget-wrap\">\n\t\t\t\t\t\t<div class=\"elementor-element elementor-element-3a738dea elementor-widget elementor-widget-text-editor\" data-id=\"3a738dea\" data-element_type=\"widget\" data-widget_type=\"text-editor.default\">\n\t\t\t\t<div class=\"elementor-widget-container\">\n\t\t\t\t\t<div class=\"elementor-text-editor elementor-clearfix\"><table border=\"0\" summary=\"\" width=\"500\" cellspacing=\"5\" cellpadding=\"10\" align=\"left\">\n<tbody>\n<tr>\n<td align=\"center\"><\/td>\n<td align=\"center\"><a href=\"http:\/\/www.ingesport-fi.com\/curso\/master-internacional-de-psicomotricidad\/\" target=\"_blank\" rel=\"noopener\"><img loading=\"lazy\" class=\"alignleft\" src=\"http:\/\/www.ingesport-fi.com\/wp-content\/uploads\/2014\/10\/logo_slider_200x.png\" alt=\"facultad de ciencas del deporte\" width=\"81\" height=\"81\" \/><\/a>Para seguir esta formaci\u00f3n en Espa\u00f1a<a href=\"http:\/\/www.ingesport-fi.com\/curso\/master-internacional-de-psicomotricidad\/\" target=\"_blank\" rel=\"noopener\">haga clic en el logotipo<\/a>.<\/td>\n<\/tr>\n<tr>\n<td align=\"center\"><\/td>\n<td align=\"center\"><a href=\"\/data\/site\/File\/PDF\/2008-11-plaquette_MIP_ESV2.pdf\" target=\"_blank\" rel=\"noopener\"><img loading=\"lazy\" class=\"alignnone wp-image-750\" src=\"\/wp-content\/uploads\/2014\/02\/Capture-d\u2019\u00e9cran-2014-04-15-\u00e0-10.14.351.png\" alt=\"Capture d\u2019\u00e9cran 2014-04-15 \u00e0 10.14.35\" width=\"185\" height=\"261\" \/><\/a><\/td>\n<\/tr>\n<tr>\n<td align=\"left\" valign=\"top\"><\/td>\n<td>\n<div align=\"justify\">Porque se interesa por las interacciones entre el cuerpo y el esp\u00edritu, la psicomotricidad aparece hoy como la profesi\u00f3n m\u00e1s adecuada para responder a las evoluciones y a los males de nuestra sociedad.\nLa psicomotricidad se apoya sobre los fundamentos del hombre lo que le permite mostrar\u00a0una constante modernidad.\n\u00bfSignifica esto que el psicomotricista lo pueda todo? Ciertamente, no. Hay que saber mirar, analizar, formular hip\u00f3tesis, experimentar. En todos los pa\u00edses, los psicomotricistas deben aplicar sus competencias en campos que evolucionan constantemente.Al principio, la psicomotricidad se dirigi\u00f3 hacia los ni\u00f1os con dificultades escolares y hacia los adultos afectados de patolog\u00edas muy circunscritas. Despu\u00e9s fueron el anciano, el reci\u00e9n nacido, el adolescente, y las \u201cenfermedades de la civilizaci\u00f3n\u201d\u2026Hoy asistimos a una aceleraci\u00f3n del proceso. As\u00ed, la enfermedad de Alzheimer por ejemplo, como patolog\u00eda de dependencia y de perdida de autonom\u00eda, ofrece al psicomotricista el encuadre evidente de una intervenci\u00f3n enfocada hacia la rehabilitaci\u00f3n cognitiva, emocional y comportamental.Se abren constantemente nuevos horizontes nacionales e internacionales: delegados m\u00e9dicos, servicio a la persona, integraci\u00f3n de personas minusv\u00e1lidas, acciones humanitarias, gesti\u00f3n de potenciales humanos en las perspectivas del desarrollo duradero, empresa\u2026Para responder a estos incre\u00edbles desaf\u00edos y para adentrarse en este mundo en plena mutaci\u00f3n, los psicomotricistas licenciados deben mostrar sus capacidades de adaptaci\u00f3n y poseer las herramientas adecuadas para ello.Este es el objetivo del M\u00e1ster Internacional: ofrecer a los psicomotricistas las llaves de acceso a la investigaci\u00f3n, herramientas eficaces para abrirse al mundo de la empresa, nuevos m\u00e9todos de investigaci\u00f3n cl\u00ednica en los sectores sanitarios, sociales y educativos.\n<h3 align=\"left\"><\/h3>\n<h2 align=\"left\"><strong>MODALIDADES DEL SEGUIMIENTO<\/strong><\/h2>\n<h3><strong>COSTE<\/strong>\nLa formaci\u00f3n se puede hacer:<\/h3>\n<ul>\n \t<li>en el \u00e1mbito de la formaci\u00f3n inicial<\/li>\n \t<li>en formaci\u00f3n continua.<\/li>\n<\/ul>\nLa inscripci\u00f3n debe hacerse mediante un expediente de inscripci\u00f3n adjunto donde figura el coste de la formaci\u00f3n.\n<h4><\/h4>\n<h2><strong>TITULACI\u00d3N DEL M\u00c1STER INTERNACIONAL<\/strong><\/h2>\nEl M\u00e1ster Internacional de Psicomotricidad ser\u00e1\notorgado a la vez por las Universidades y\nEstablecimientos de Ense\u00f1anza superior colaboradores\ndel programa , bajo la responsabilidad del OIPR.\n<strong>\n<\/strong>\n<h2><strong>VALIDACI\u00d3N<\/strong><\/h2>\nLa evaluaci\u00f3n de la adquisici\u00f3n de los conocimientos y de las destrezas de los estudiantes debe formar parte de su formaci\u00f3n. Cada tiempo de evaluaci\u00f3n, adem\u00e1s de tener funci\u00f3n de control de la asistencia, de la regularidad del trabajo entregado y de la asimilaci\u00f3n de conocimientos, le permite tambi\u00e9n hacer un balance sobre su evoluci\u00f3n y participar activamente en su formaci\u00f3n.\nLa validaci\u00f3n se da al final de cada semestre, con el fin de favorecer la movilidad entre los diferentes establecimientos europeos e internacionales.\n\nCada semestre es validado cuando se han obtenido la totalidad de los ECTS obteniendo la media en cada unidad de ense\u00f1anza.\n\nEl paso al semestre siguiente es sometido a la validaci\u00f3n del semestre terminado.\n\nEn el 4\u00b0 semestre, el candidato dispone de un periodo m\u00e1ximo de un a\u00f1o a partir de la \u00faltima sesi\u00f3n de preparaci\u00f3n al MIP en la cual haya participado para defender su memoria.\n\nEl M\u00e1ster Internacional de Psicomotricidad es validado cuando las unidades de ense\u00f1anza de los cuatro semestres hayan sido validadas y tambi\u00e9n la memoria final.\n\n<\/div><\/td>\n<\/tr>\n<tr>\n<td align=\"center\" valign=\"top\"><\/td>\n<td align=\"center\" valign=\"top\"><a href=\"\/data\/site\/File\/PDF\/2008-11-plaquette_MIP_ESV2.pdf\" target=\"_blank\" rel=\"noopener\">\u00a0<\/a><\/td>\n<\/tr>\n<\/tbody>\n<\/table><\/div>\n\t\t\t\t<\/div>\n\t\t\t\t<\/div>\n\t\t\t\t\t\t<\/div>\n\t\t\t\t\t<\/div>\n\t\t<\/div>\n\t\t\t\t\t\t\t\t<\/div>\n\t\t\t\t\t<\/div>\n\t\t<\/section>\n\t\t\t\t\t\t<\/div>\n\t\t\t\t\t\t<\/div>\n\t\t\t\t\t<\/div>\n\t\t","protected":false},"excerpt":{"rendered":"<p>Para seguir esta formaci\u00f3n en Espa\u00f1ahaga clic en el logotipo. Porque se interesa por las interacciones entre el cuerpo y el esp\u00edritu, la psicomotricidad aparece hoy como la profesi\u00f3n m\u00e1s adecuada para responder a las evoluciones y a los males de nuestra sociedad. La psicomotricidad se apoya sobre los fundamentos del hombre lo que le [&hellip;]<\/p>\n","protected":false},"author":4,"featured_media":0,"parent":0,"menu_order":2,"comment_status":"closed","ping_status":"closed","template":"","meta":[],"_links":{"self":[{"href":"https:\/\/old.isrp.fr\/es\/wp-json\/wp\/v2\/pages\/1476\/"}],"collection":[{"href":"https:\/\/old.isrp.fr\/es\/wp-json\/wp\/v2\/pages\/"}],"about":[{"href":"https:\/\/old.isrp.fr\/es\/wp-json\/wp\/v2\/types\/page\/"}],"author":[{"embeddable":true,"href":"https:\/\/old.isrp.fr\/es\/wp-json\/wp\/v2\/users\/4\/"}],"replies":[{"embeddable":true,"href":"https:\/\/old.isrp.fr\/es\/wp-json\/wp\/v2\/comments\/?post=1476"}],"version-history":[{"count":0,"href":"https:\/\/old.isrp.fr\/es\/wp-json\/wp\/v2\/pages\/1476\/revisions\/"}],"wp:attachment":[{"href":"https:\/\/old.isrp.fr\/es\/wp-json\/wp\/v2\/media\/?parent=1476"}],"curies":[{"name":"wp","href":"https:\/\/api.w.org\/{rel}","templated":true}]}}