{"id":901,"date":"2014-04-16T13:37:13","date_gmt":"2014-04-16T12:37:13","guid":{"rendered":"http:\/\/isrp.fr\/?page_id=901"},"modified":"2022-01-18T21:38:30","modified_gmt":"2022-01-18T20:38:30","slug":"901-2","status":"publish","type":"page","link":"https:\/\/old.isrp.fr\/es\/901-2\/","title":{"rendered":""},"content":{"rendered":"<p>Usted encontrar\u00e1 en los lazos siguientes ambos textos franceses que encuadran desde ahora la libertad de establecimiento del psicomotricista de origen extracomunitario.<\/p>\n<p>Estos dos textos son aparecidos en el JO :<\/p>\n<ul>\n<li><a href=\"\/wp-content\/uploads\/2014\/02\/2008-12-decret_2008_1120_du_31_octobre_2008_psychomot_extracommunautaire-1.pdf\" target=\"_blank\" rel=\"noopener\">le d\u00e9cret n\u00b0 2008-1120 du 31 octobre 2008 relatif au dipl\u00f4me d&#8217;Etat de psychomotricien<br \/>\n<\/a><\/li>\n<\/ul>\n<ul>\n<li><a href=\"\/wp-content\/uploads\/2014\/02\/2008-12-arrete_du_31_octobre_2008_psychomot_extracommunautaire-1.pdf\" target=\"_blank\" rel=\"noopener\">l&#8217;arr\u00eat\u00e9 du 31 octobre 2008 relatif aux dispenses susceptibles d&#8217;\u00eatre accord\u00e9es aux candidats titulaires d&#8217;un titre ou dipl\u00f4me extracommunautaire de psychomotricien sollicitant l&#8217;exercice de la profession en France en vue de la pr\u00e9paration du dipl\u00f4me d&#8217;Etat de psychomotricien.<\/a><\/li>\n<\/ul>\n<div>Dan las directivas que permiten a los candidatos titulares de un t\u00edtulo o diploma extracomunitario de psicomotricista y quienes desean ejercer la profesi\u00f3n de psicomotricista en Francia.Detallan estas modalidades (composici\u00f3n del expediente de candidatura para la entrada a un instituto de formaci\u00f3n psicomotricista as\u00ed como sobre les examens con motivo a poder obtener de una dispensa parcial de formaci\u00f3n).<\/p>\n<\/div>\n<div><\/div>\n<div>No vacile en ponerse en contacto con nosotros a +331 58 17 18 50 seremos felices de darle todas las informaciones necesarias.<\/div>\n","protected":false},"excerpt":{"rendered":"<p>Usted encontrar\u00e1 en los lazos siguientes ambos textos franceses que encuadran desde ahora la libertad de establecimiento del psicomotricista de origen extracomunitario. Estos dos textos son aparecidos en el JO : le d\u00e9cret n\u00b0 2008-1120 du 31 octobre 2008 relatif au dipl\u00f4me d&#8217;Etat de psychomotricien l&#8217;arr\u00eat\u00e9 du 31 octobre 2008 relatif aux dispenses susceptibles d&#8217;\u00eatre [&hellip;]<\/p>\n","protected":false},"author":4,"featured_media":0,"parent":0,"menu_order":4,"comment_status":"closed","ping_status":"closed","template":"","meta":[],"_links":{"self":[{"href":"https:\/\/old.isrp.fr\/es\/wp-json\/wp\/v2\/pages\/901\/"}],"collection":[{"href":"https:\/\/old.isrp.fr\/es\/wp-json\/wp\/v2\/pages\/"}],"about":[{"href":"https:\/\/old.isrp.fr\/es\/wp-json\/wp\/v2\/types\/page\/"}],"author":[{"embeddable":true,"href":"https:\/\/old.isrp.fr\/es\/wp-json\/wp\/v2\/users\/4\/"}],"replies":[{"embeddable":true,"href":"https:\/\/old.isrp.fr\/es\/wp-json\/wp\/v2\/comments\/?post=901"}],"version-history":[{"count":0,"href":"https:\/\/old.isrp.fr\/es\/wp-json\/wp\/v2\/pages\/901\/revisions\/"}],"wp:attachment":[{"href":"https:\/\/old.isrp.fr\/es\/wp-json\/wp\/v2\/media\/?parent=901"}],"curies":[{"name":"wp","href":"https:\/\/api.w.org\/{rel}","templated":true}]}}